{"id":9,"date":"2024-01-28T15:51:08","date_gmt":"2024-01-28T14:51:08","guid":{"rendered":"https:\/\/clichestudio.fr\/?page_id=9"},"modified":"2024-10-01T18:54:10","modified_gmt":"2024-10-01T16:54:10","slug":"accueil","status":"publish","type":"page","link":"https:\/\/clichestudio.fr\/","title":{"rendered":"Accueil"},"content":{"rendered":"\t\t<div data-elementor-type=\"wp-page\" data-elementor-id=\"9\" class=\"elementor elementor-9\" data-elementor-post-type=\"page\">\n\t\t\t\t<div class=\"elementor-element elementor-element-2910f10 e-flex e-con-boxed e-con e-parent\" data-id=\"2910f10\" data-element_type=\"container\">\n\t\t\t\t\t<div class=\"e-con-inner\">\n\t\t\t\t<div class=\"elementor-element elementor-element-5968442 elementor-view-default elementor-widget elementor-widget-icon\" data-id=\"5968442\" data-element_type=\"widget\" data-widget_type=\"icon.default\">\n\t\t\t\t<div class=\"elementor-widget-container\">\n\t\t\t\t\t\t\t<div class=\"elementor-icon-wrapper\">\n\t\t\t<div class=\"elementor-icon\">\n\t\t\t<svg xmlns=\"http:\/\/www.w3.org\/2000\/svg\" id=\"Calque_2\" viewBox=\"0 0 673 445.56\"><defs><style>.cls-1{stroke-width:0px;}<\/style><\/defs><g id=\"Calque_1-2\"><path class=\"cls-1\" d=\"m192.3,324.08v-117.58c0-7.23-2.66-8.37-15.98-9.13v-1.33h42.19v1.33c-13.32.76-14.98,1.9-14.98,9.13v117.58c0,5.52,2.66,7.42,8.18,7.42h24.73c18.84,0,26.07-5.52,37.86-29.49h1.33l-9.89,32.54h-89.42v-1.33c13.32-.76,15.98-1.9,15.98-9.13Z\"><\/path><path class=\"cls-1\" d=\"m242.2,277.08v-70.58c0-7.23-2.66-8.37-16.74-9.13v-1.33h44.71v1.33c-14.08.76-16.74,1.9-16.74,9.13v70.58c0,7.23,2.66,8.37,16.74,9.13v1.33h-44.71v-1.33c14.08-.76,16.74-1.9,16.74-9.13Z\"><\/path><path class=\"cls-1\" d=\"m583.39,324.08v-117.58c0-7.23-2.66-8.37-15.98-9.13v-1.33h92.47l5.9,30.44h-1.33c-8.18-22.07-14.08-27.4-34.82-27.4h-35.01v63.74h28.92c16.93,0,20.36-4.76,23.21-22.26h1.33v48.33h-1.33c-2.85-18.46-6.28-23.02-23.21-23.02h-28.92v58.22c0,5.14,2.66,7.42,8.18,7.42h31.2c18.84,0,25.88-5.14,37.67-29.3h1.33l-9.7,32.34h-95.89v-1.33c13.32-.76,15.98-1.9,15.98-9.13Zm47.95-172.95c1.33-2.28,2.85-3.62,5.33-3.62,2.85,0,5.14,2.28,5.14,5.14,0,1.71-.95,3.23-2.09,4.19-2.28,2.28-18.46,16.74-25.88,24.35l-.95-.76c5.9-8.37,16.74-26.45,18.46-29.3Z\"><\/path><path class=\"cls-1\" d=\"m286.91,267.38c0-43.95,33.11-73.25,69.64-73.25,27.78,0,39.96,11.04,43.95,11.04,2.47,0,3.81-1.71,4.57-9.13h1.14l4.76,39.76h-1.33c-9.7-28.73-31.39-38.43-53.08-38.43-31.2,0-56.89,25.11-56.89,64.5,0,43,25.88,68.49,58.98,68.49,24.16,0,42.81-15.22,54.22-37.48l1.71.76c-11.04,24.54-32.34,42.81-62.22,42.81-35.77,0-65.45-27.59-65.45-69.06Z\"><\/path><path class=\"cls-1\" d=\"m530.44,324.08v-58.03h-80.1v58.03c0,7.23,2.66,8.37,15.98,9.13v1.33h-43.19v-1.33c13.32-.76,15.98-1.9,15.98-9.13v-117.58c0-7.23-2.66-8.37-15.98-9.13v-1.33h43.19v1.33c-13.32.76-15.98,1.9-15.98,9.13v56.13h80.1v-56.13c0-7.23-2.66-8.37-15.98-9.13v-1.33h43.19v1.33c-13.32.76-15.98,1.9-15.98,9.13v117.58c0,7.23,2.66,8.37,15.98,9.13v1.33h-43.19v-1.33c13.32-.76,15.98-1.9,15.98-9.13Z\"><\/path><path class=\"cls-1\" d=\"m205.79,182.22c-14.01-14.28-44.66-7.46-62.17-3.29-7.53,1.84-15.02,3.94-22.38,6.37-2.57-1.32-5.1-2.62-7.55-3.86-10.88-5.39-22.49-9.35-34.59-10.99-23.8-3.11-50.28,1.95-67.43,19.47-11.34,11.51-14.81,29.29-8.67,44.18,1.37,3.74,3.71,7.15,6.54,9.94,2.69,2.62,5.78,4.9,9.3,6.27l.39.13.5.11.23-1.85c-.06-.02-.13-.04-.2-.05l-.3-.11c-4.95-2.01-9.18-5.73-12.14-10.16-8.79-14.97-6.7-34.67,6.32-46.49,16.83-15.77,42.23-15.28,63.22-9.76,9.36,2.36,18.53,5.67,27.44,9.52-20.17,8.52-38.76,20.24-53.76,36.94-13.76,15.15-24.28,33.63-28.16,53.94-5.05,24.6,1.77,55.38,26.35,67.05,15.49,7.34,32.5,4.83,48.25.55,30.43-8.91,54.05-33.63,66.52-62.21l-1.71-.76c-3.07,7.04-6.89,13.75-11.23,20.07-8.66,12.56-19.76,23.71-33.37,30.81-13.39,7.09-28.74,9.92-43.74,8.9-14.18-.71-27.04-8.24-33.21-20.93-9.41-19.1-5.23-42.17,2.85-61.19,13.48-30.9,39.86-54.48,69.9-69.21.08.04.16.07.24.11,19.53,8.98,39.9,16.3,60.85,21.41,3.6.9,7.45,1.65,11.27,1.92v-4.31c-7.04-1.47-14.23-4.93-20.19-7.43-11.55-5.25-24.56-11.99-36.86-18.35,20.68-8.1,53.91-19.31,72.21-9.4,3.85,2.09,6.58,5.55,8.1,9.52h1.36c-.96-2.52-2.35-4.86-4.18-6.86Z\"><\/path><path class=\"cls-1\" d=\"m199.1,75.89c.76-.64,1.59-1.34,2.49-2.12.9-.77,1.73-1.48,2.49-2.14,1.22-1.04,2.19-1.93,2.91-2.67.72-.74,1.25-1.44,1.58-2.1.33-.66.5-1.38.5-2.16,0-.92-.23-1.62-.69-2.1-.46-.48-1.12-.72-1.98-.72-1.04,0-1.8.25-2.28.74-.48.49-.83,1.24-1.05,2.26l-4.29-.48c.22-1.22.63-2.3,1.23-3.25.6-.95,1.44-1.7,2.52-2.26,1.08-.56,2.42-.84,4.02-.84,2.26,0,4,.57,5.22,1.71,1.22,1.14,1.83,2.67,1.83,4.59,0,1.02-.17,1.96-.51,2.83s-.88,1.74-1.6,2.61c-.73.87-1.69,1.83-2.87,2.89-.48.44-1,.9-1.56,1.38-.56.48-1.17.98-1.83,1.5h8.67l-.48,3.78h-14.31v-3.45Z\"><\/path><path class=\"cls-1\" d=\"m216.32,69.02c0-3.76.67-6.53,2.03-8.31,1.35-1.78,3.29-2.67,5.83-2.67s4.49.88,5.79,2.64c1.3,1.76,1.95,4.51,1.95,8.25s-.67,6.53-2,8.29c-1.33,1.77-3.28,2.66-5.86,2.66s-4.47-.88-5.78-2.62c-1.31-1.75-1.96-4.5-1.96-8.24Zm4.62-.03c0,2.42.23,4.19.69,5.31s1.29,1.68,2.49,1.68,2-.56,2.48-1.69c.47-1.13.7-2.9.7-5.29s-.24-4.2-.7-5.34c-.47-1.14-1.3-1.71-2.48-1.71s-2.03.57-2.49,1.7-.69,2.92-.69,5.36Z\"><\/path><path class=\"cls-1\" d=\"m440.48,75.89c.76-.64,1.59-1.34,2.49-2.12.9-.77,1.73-1.48,2.49-2.14,1.22-1.04,2.19-1.93,2.91-2.67.72-.74,1.25-1.44,1.58-2.1.33-.66.5-1.38.5-2.16,0-.92-.23-1.62-.69-2.1-.46-.48-1.12-.72-1.98-.72-1.04,0-1.8.25-2.28.74-.48.49-.83,1.24-1.05,2.26l-4.29-.48c.22-1.22.63-2.3,1.23-3.25.6-.95,1.44-1.7,2.52-2.26,1.08-.56,2.42-.84,4.02-.84,2.26,0,4,.57,5.22,1.71,1.22,1.14,1.83,2.67,1.83,4.59,0,1.02-.17,1.96-.51,2.83s-.88,1.74-1.6,2.61c-.73.87-1.69,1.83-2.87,2.89-.48.44-1,.9-1.56,1.38-.56.48-1.17.98-1.83,1.5h8.67l-.48,3.78h-14.31v-3.45Z\"><\/path><path class=\"cls-1\" d=\"m466.82,74.9h-9.3v-3.42l9.09-12.87h4.38v12.9h2.49l-.42,3.39h-2.07v4.44h-4.17v-4.44Zm0-10.92l-5.31,7.53h5.31v-7.53Z\"><\/path><path class=\"cls-1\" d=\"m336.12,3.5c29.25,0,53.05,29.69,53.05,66.19s-23.8,66.19-53.05,66.19-53.05-29.69-53.05-66.19S306.87,3.5,336.12,3.5m0-3.5c-31.23,0-56.55,31.2-56.55,69.69s25.32,69.69,56.55,69.69,56.55-31.2,56.55-69.69S367.35,0,336.12,0h0Z\"><\/path><path class=\"cls-1\" d=\"m354.39,73.56c-9.85-3.03-18.81-5.86-18.52-13.18-.11-6.6,7.05-9.95,14.16-9.5,7.16.4,13.01,4.83,16.43,12.31h.64l-1.75-12.69h-.74c-.37,1.33-.73,1.76-1.66,1.76-1.76,0-6.14-2.24-13.05-2.44l-1.37-11.97h-.56c-.28,2.45-.91,3.09-1.82,3.09-1.61,0-6.1-3.79-16.2-3.79-33.91.52-37.47,51.15-2.51,52.45l1.8,11.96h.74c.37-1.33.83-1.76,1.75-1.76,1.85,0,8.11,2.45,16.58,2.45,22.41.11,30.79-21.72,6.08-28.68Zm-45.42-11.88c-.35-23.65,28.43-32.49,39.37-11.88-9.84.22-17.63,5.84-17.63,13.8-.17,5.1,4.18,9.5,12,12.58,2.29.9,2.81,3.88.97,5.51-13.62,12.06-35.34,2.61-34.71-20.01Zm39.34,39.51c-9.04,0-15.44-4.24-19.42-11.66,7.71-.47,13.84-4.19,18.08-9.7.84-1.09,2.28-1.52,3.59-1.1,8.35,2.72,13.84,6.34,13.69,11.72,0,6.52-6.45,10.73-15.94,10.73Z\"><\/path><path class=\"cls-1\" d=\"m204.25,443.24c-.73,0-1.16.44-1.53,1.6h-.58l-1.67-15.77h.58c3.49,9.38,8.14,15.34,16.13,15.34,7.49,0,12.14-4.21,12.14-10.39,0-4.72-2.91-8.36-10.61-11.63l-4.29-1.82c-8.87-3.78-11.7-8.79-11.7-14.39,0-8.43,6.4-14.97,15.12-14.97,5.89,0,9.74,2.32,11.34,2.32.73,0,1.09-.44,1.45-1.6h.58l1.53,13.95h-.58c-3.42-8.43-7.78-13.52-14.32-13.52-5.23,0-9.88,3.27-9.88,9.23,0,4.36,1.6,7.7,10.47,11.48l4.29,1.82c8.72,3.71,11.85,8.58,11.85,14.61,0,9.3-7.49,16.06-17.37,16.06-6.47,0-11.41-2.32-12.94-2.32Z\"><\/path><path class=\"cls-1\" d=\"m256.87,440.26v-47.17h-3.42c-8.14,0-11.63,1.96-15.99,11.34h-.58l2.62-12.94c1.45.29,4.43.44,7.34.44h27.84c2.91,0,5.89-.15,7.34-.44l2.62,12.94h-.58c-4.36-9.38-7.92-11.34-15.99-11.34h-3.42v47.17c0,2.98,1.02,3.71,5.81,4v.58h-19.4v-.58c4.8-.29,5.81-1.02,5.81-4Z\"><\/path><path class=\"cls-1\" d=\"m291.82,426.08v-29.58c0-2.98-1.02-3.71-5.89-4v-.58h19.4v.58c-4.8.29-5.81,1.02-5.81,4v29.14c0,12.43,6.47,17.37,15.19,17.37,8.07,0,14.9-4.21,14.9-17.22v-25c0-5.96-2.33-7.85-8.79-8.29v-.58h17.88v.58c-5.16.44-7.49,2.33-7.49,8.29v25c0,14.03-7.7,19.77-19.77,19.77s-19.62-5.89-19.62-19.48Z\"><\/path><path class=\"cls-1\" d=\"m346.04,440.26v-43.75c0-2.98-1.02-3.71-5.81-4v-.58h21.66c17.59,0,30.09,9.88,30.09,25.87s-14.1,27.04-30.96,27.04h-20.79v-.58c4.8-.29,5.81-1.02,5.81-4Zm16.06,3.42c11.7,0,21-8.72,21-23.4s-8.58-27.18-22.46-27.18h-6.83v46.15c0,3.2,1.38,4.43,8.29,4.43Z\"><\/path><path class=\"cls-1\" d=\"m400.91,440.26v-43.75c0-2.98-1.02-3.71-6.18-4v-.58h20.06v.58c-5.16.29-6.18,1.02-6.18,4v43.75c0,2.98,1.02,3.71,6.18,4v.58h-20.06v-.58c5.16-.29,6.18-1.02,6.18-4Z\"><\/path><path class=\"cls-1\" d=\"m417.62,418.96c0-16.57,12.21-27.76,27.47-27.76s26.67,10.68,26.67,26.6-12.36,27.76-27.69,27.76-26.46-10.68-26.46-26.6Zm27.91,25.29c9.96,0,17.37-9.45,17.37-23.98s-7.56-27.76-19.33-27.76c-9.74,0-17.08,9.52-17.08,23.98s7.56,27.76,19.04,27.76Z\"><\/path><\/g><\/svg>\t\t\t<\/div>\n\t\t<\/div>\n\t\t\t\t\t\t<\/div>\n\t\t\t\t<\/div>\n\t\t\t\t\t<\/div>\n\t\t\t\t<\/div>\n\t\t<div class=\"elementor-element elementor-element-7a4341a e-flex e-con-boxed e-con e-parent\" data-id=\"7a4341a\" data-element_type=\"container\">\n\t\t\t\t\t<div class=\"e-con-inner\">\n\t\t\t\t<div class=\"elementor-element elementor-element-5ff52ad elementor-widget elementor-widget-heading\" data-id=\"5ff52ad\" data-element_type=\"widget\" data-widget_type=\"heading.default\">\n\t\t\t\t<div class=\"elementor-widget-container\">\n\t\t\t\t\t<h1 class=\"elementor-heading-title elementor-size-default\">Institut de Beaut\u00e9<\/h1>\t\t\t\t<\/div>\n\t\t\t\t<\/div>\n\t\t\t\t<div class=\"elementor-element elementor-element-26f0e63 elementor-widget elementor-widget-heading\" data-id=\"26f0e63\" data-element_type=\"widget\" data-widget_type=\"heading.default\">\n\t\t\t\t<div class=\"elementor-widget-container\">\n\t\t\t\t\t<h2 class=\"elementor-heading-title elementor-size-default\">Sp\u00e9cialiste du Regard et Facialiste.<\/h2>\t\t\t\t<\/div>\n\t\t\t\t<\/div>\n\t\t\t\t<div class=\"elementor-element elementor-element-8a3ea82 elementor-widget elementor-widget-text-editor\" data-id=\"8a3ea82\" data-element_type=\"widget\" data-widget_type=\"text-editor.default\">\n\t\t\t\t<div class=\"elementor-widget-container\">\n\t\t\t\t\t\t\t\t\t<p>24 Quai d&rsquo;Alger, 34200 \u2014 S\u00c8TE<\/p>\t\t\t\t\t\t\t\t<\/div>\n\t\t\t\t<\/div>\n\t\t\t\t<div class=\"elementor-element elementor-element-70ef868 elementor-widget elementor-widget-spacer\" data-id=\"70ef868\" data-element_type=\"widget\" data-widget_type=\"spacer.default\">\n\t\t\t\t<div class=\"elementor-widget-container\">\n\t\t\t\t\t\t\t<div class=\"elementor-spacer\">\n\t\t\t<div class=\"elementor-spacer-inner\"><\/div>\n\t\t<\/div>\n\t\t\t\t\t\t<\/div>\n\t\t\t\t<\/div>\n\t\t\t\t\t<\/div>\n\t\t\t\t<\/div>\n\t\t<div class=\"elementor-element elementor-element-4856081 elementor-hidden-desktop elementor-hidden-tablet elementor-hidden-mobile e-flex e-con-boxed e-con e-parent\" data-id=\"4856081\" data-element_type=\"container\">\n\t\t\t\t\t<div class=\"e-con-inner\">\n\t\t\t\t<div class=\"elementor-element elementor-element-82c382b elementor-widget elementor-widget-html\" data-id=\"82c382b\" data-element_type=\"widget\" data-widget_type=\"html.default\">\n\t\t\t\t<div class=\"elementor-widget-container\">\n\t\t\t\t\t<script src=\"https:\/\/widget.treatwell.fr\/common\/venue-menu\/javascript\/widget-button.js?v1\"><\/script>\n\n            <script>\n              (function() {\n                var link = document.createElement(\"link\");\n                link.type = \"text\/css\";\n                link.href = \"https:\/\/widget.treatwell.fr\/common\/venue-menu\/css\/widget-button.css\";\n                link.rel = \"stylesheet\";\n                link.media = \"screen\";\n                document.getElementsByTagName(\"head\")[0].appendChild(link);\n              }());\n            <\/script>\n\n            <a href='https:\/\/www.treatwell.fr\/' id=\"wahanda-online-booking-widget\"\n                    onclick='wahanda.openOnlineBookingWidget(\"https:\/\/widget.treatwell.fr\/salon\/429742\/menu\/\"); return false;' target=\"_blank\">\n                <span>R\u00e9servation<\/span>\n            <\/a>\n            \n            \n            \n            <style>\n            \n            \n        \/* Feuille de Style CSS *\/\n        \n    #wahanda-online-booking-widget {\n  display: inline-block;\n  margin: 0;\n  height: 44px;\n  line-height: 44px;\n  border: 1px solid #191919;\n  -webkit-border-radius: 0px;\n  -moz-border-radius: 0px;\n  border-radius: 40px;\n  -moz-background-clip: padding;\n  -webkit-background-clip: padding-box;\n  background-clip: padding-box;\n  padding: 0;\n  background: Transparent;\n  white-space: nowrap;\n  font-family: Helvetica, Arial, sans-serif;\n  font-size: 13px;\n  font-weight: Bold;\n  color: #191919;\n  text-decoration: none;\n  cursor: pointer;\n  text-transform: uppercase;\n  -moz-transition: all 0.2s;\n  -webkit-transition: all 0.2s;\n  transition: all 0.2s;\n}\n#wahanda-online-booking-widget span {\n  display: inline-block;\n  height: 0px;\n  line-height: 0px;\n  padding: 0px 40px 0px 40px;\n  background: none;\n  background-size: 30px 30px;\n}\n#wahanda-online-booking-widget:hover {\n  border: none;\n  background: #191919;\n  color: #DDD7C9;\n  border: 1px solid #191919;\n}\n#wahanda-online-booking-widget:active {\n  border-bottom-color: 2px solid #DDD7C9;\n}\n\n@media only screen and (-webkit-min-device-pixel-ratio: 1.5),\n    only screen and (-o-min-device-pixel-ratio: 3\/2),\n    only screen and (min--moz-device-pixel-ratio: 1.5),\n    only screen and (min-device-pixel-ratio: 1.5) {\n        #wahanda-online-booking-widget span {\n          background-image: url(https:\/\/cdn1.treatwell.net\/images\/view\/v2.i482054.w60.h60.xFFCF12C0.png);\n        }\n}\n<\/style>\t\t\t\t<\/div>\n\t\t\t\t<\/div>\n\t\t\t\t\t<\/div>\n\t\t\t\t<\/div>\n\t\t<div class=\"elementor-element elementor-element-8861eac e-flex e-con-boxed e-con e-parent\" data-id=\"8861eac\" data-element_type=\"container\">\n\t\t\t\t\t<div class=\"e-con-inner\">\n\t\t\t\t<div class=\"elementor-element elementor-element-fd2cf8b elementor-align-center elementor-widget elementor-widget-button\" data-id=\"fd2cf8b\" data-element_type=\"widget\" data-widget_type=\"button.default\">\n\t\t\t\t<div class=\"elementor-widget-container\">\n\t\t\t\t\t\t\t\t\t<div class=\"elementor-button-wrapper\">\n\t\t\t\t\t<a class=\"elementor-button elementor-button-link elementor-size-sm\" href=\"https:\/\/www.planity.com\/cliche-studio-34200-sete\" target=\"_blank\">\n\t\t\t\t\t\t<span class=\"elementor-button-content-wrapper\">\n\t\t\t\t\t\t\t\t\t<span class=\"elementor-button-text\">R\u00c9SERVATION<\/span>\n\t\t\t\t\t<\/span>\n\t\t\t\t\t<\/a>\n\t\t\t\t<\/div>\n\t\t\t\t\t\t\t\t<\/div>\n\t\t\t\t<\/div>\n\t\t\t\t\t<\/div>\n\t\t\t\t<\/div>\n\t\t<div class=\"elementor-element elementor-element-f554d59 elementor-hidden-mobile e-flex e-con-boxed e-con e-parent\" data-id=\"f554d59\" data-element_type=\"container\">\n\t\t\t\t\t<div class=\"e-con-inner\">\n\t\t\t\t<div class=\"elementor-element elementor-element-cfba8a9 elementor-widget elementor-widget-heading\" data-id=\"cfba8a9\" data-element_type=\"widget\" data-widget_type=\"heading.default\">\n\t\t\t\t<div class=\"elementor-widget-container\">\n\t\t\t\t\t<p class=\"elementor-heading-title elementor-size-default\"><a href=\"mailto:contact@clichestudio.fr\">contact@clichestudio.fr<\/a><\/p>\t\t\t\t<\/div>\n\t\t\t\t<\/div>\n\t\t\t\t<div class=\"elementor-element elementor-element-5a40043 elementor-widget elementor-widget-heading\" data-id=\"5a40043\" data-element_type=\"widget\" data-widget_type=\"heading.default\">\n\t\t\t\t<div class=\"elementor-widget-container\">\n\t\t\t\t\t<p class=\"elementor-heading-title elementor-size-default\"><a href=\"tel:0683289902\">T (+33) 6 83 28 99 02<\/a><\/p>\t\t\t\t<\/div>\n\t\t\t\t<\/div>\n\t\t\t\t<div class=\"elementor-element elementor-element-a7dacce elementor-widget elementor-widget-heading\" data-id=\"a7dacce\" data-element_type=\"widget\" data-widget_type=\"heading.default\">\n\t\t\t\t<div class=\"elementor-widget-container\">\n\t\t\t\t\t<p class=\"elementor-heading-title elementor-size-default\"><a href=\"https:\/\/www.instagram.com\/clichestudiobeaute\/\">Instagram<\/a><\/p>\t\t\t\t<\/div>\n\t\t\t\t<\/div>\n\t\t\t\t\t<\/div>\n\t\t\t\t<\/div>\n\t\t<div class=\"elementor-element elementor-element-60d7c02 elementor-hidden-desktop elementor-hidden-tablet e-flex e-con-boxed e-con e-parent\" data-id=\"60d7c02\" data-element_type=\"container\">\n\t\t\t\t\t<div class=\"e-con-inner\">\n\t\t\t\t<div class=\"elementor-element elementor-element-fa4fffe elementor-view-default elementor-widget elementor-widget-icon\" data-id=\"fa4fffe\" data-element_type=\"widget\" data-widget_type=\"icon.default\">\n\t\t\t\t<div class=\"elementor-widget-container\">\n\t\t\t\t\t\t\t<div class=\"elementor-icon-wrapper\">\n\t\t\t<a class=\"elementor-icon\" href=\"tel:0683289902\">\n\t\t\t<svg aria-hidden=\"true\" class=\"e-font-icon-svg e-fas-phone-alt\" viewBox=\"0 0 512 512\" xmlns=\"http:\/\/www.w3.org\/2000\/svg\"><path d=\"M497.39 361.8l-112-48a24 24 0 0 0-28 6.9l-49.6 60.6A370.66 370.66 0 0 1 130.6 204.11l60.6-49.6a23.94 23.94 0 0 0 6.9-28l-48-112A24.16 24.16 0 0 0 122.6.61l-104 24A24 24 0 0 0 0 48c0 256.5 207.9 464 464 464a24 24 0 0 0 23.4-18.6l24-104a24.29 24.29 0 0 0-14.01-27.6z\"><\/path><\/svg>\t\t\t<\/a>\n\t\t<\/div>\n\t\t\t\t\t\t<\/div>\n\t\t\t\t<\/div>\n\t\t\t\t<div class=\"elementor-element elementor-element-9454259 elementor-view-default elementor-widget elementor-widget-icon\" data-id=\"9454259\" data-element_type=\"widget\" data-widget_type=\"icon.default\">\n\t\t\t\t<div class=\"elementor-widget-container\">\n\t\t\t\t\t\t\t<div class=\"elementor-icon-wrapper\">\n\t\t\t<a class=\"elementor-icon\" href=\"mailto:contact@clichestudio.fr\">\n\t\t\t<svg aria-hidden=\"true\" class=\"e-font-icon-svg e-far-envelope\" viewBox=\"0 0 512 512\" xmlns=\"http:\/\/www.w3.org\/2000\/svg\"><path d=\"M464 64H48C21.49 64 0 85.49 0 112v288c0 26.51 21.49 48 48 48h416c26.51 0 48-21.49 48-48V112c0-26.51-21.49-48-48-48zm0 48v40.805c-22.422 18.259-58.168 46.651-134.587 106.49-16.841 13.247-50.201 45.072-73.413 44.701-23.208.375-56.579-31.459-73.413-44.701C106.18 199.465 70.425 171.067 48 152.805V112h416zM48 400V214.398c22.914 18.251 55.409 43.862 104.938 82.646 21.857 17.205 60.134 55.186 103.062 54.955 42.717.231 80.509-37.199 103.053-54.947 49.528-38.783 82.032-64.401 104.947-82.653V400H48z\"><\/path><\/svg>\t\t\t<\/a>\n\t\t<\/div>\n\t\t\t\t\t\t<\/div>\n\t\t\t\t<\/div>\n\t\t\t\t<div class=\"elementor-element elementor-element-53fdf70 elementor-view-default elementor-widget elementor-widget-icon\" data-id=\"53fdf70\" data-element_type=\"widget\" data-widget_type=\"icon.default\">\n\t\t\t\t<div class=\"elementor-widget-container\">\n\t\t\t\t\t\t\t<div class=\"elementor-icon-wrapper\">\n\t\t\t<a class=\"elementor-icon\" href=\"https:\/\/www.instagram.com\/clichestudiobeaute\/\">\n\t\t\t<svg aria-hidden=\"true\" class=\"e-font-icon-svg e-fab-instagram\" viewBox=\"0 0 448 512\" xmlns=\"http:\/\/www.w3.org\/2000\/svg\"><path d=\"M224.1 141c-63.6 0-114.9 51.3-114.9 114.9s51.3 114.9 114.9 114.9S339 319.5 339 255.9 287.7 141 224.1 141zm0 189.6c-41.1 0-74.7-33.5-74.7-74.7s33.5-74.7 74.7-74.7 74.7 33.5 74.7 74.7-33.6 74.7-74.7 74.7zm146.4-194.3c0 14.9-12 26.8-26.8 26.8-14.9 0-26.8-12-26.8-26.8s12-26.8 26.8-26.8 26.8 12 26.8 26.8zm76.1 27.2c-1.7-35.9-9.9-67.7-36.2-93.9-26.2-26.2-58-34.4-93.9-36.2-37-2.1-147.9-2.1-184.9 0-35.8 1.7-67.6 9.9-93.9 36.1s-34.4 58-36.2 93.9c-2.1 37-2.1 147.9 0 184.9 1.7 35.9 9.9 67.7 36.2 93.9s58 34.4 93.9 36.2c37 2.1 147.9 2.1 184.9 0 35.9-1.7 67.7-9.9 93.9-36.2 26.2-26.2 34.4-58 36.2-93.9 2.1-37 2.1-147.8 0-184.8zM398.8 388c-7.8 19.6-22.9 34.7-42.6 42.6-29.5 11.7-99.5 9-132.1 9s-102.7 2.6-132.1-9c-19.6-7.8-34.7-22.9-42.6-42.6-11.7-29.5-9-99.5-9-132.1s-2.6-102.7 9-132.1c7.8-19.6 22.9-34.7 42.6-42.6 29.5-11.7 99.5-9 132.1-9s102.7-2.6 132.1 9c19.6 7.8 34.7 22.9 42.6 42.6 11.7 29.5 9 99.5 9 132.1s2.7 102.7-9 132.1z\"><\/path><\/svg>\t\t\t<\/a>\n\t\t<\/div>\n\t\t\t\t\t\t<\/div>\n\t\t\t\t<\/div>\n\t\t\t\t\t<\/div>\n\t\t\t\t<\/div>\n\t\t\t\t<\/div>\n\t\t","protected":false},"excerpt":{"rendered":"<p>Institut de Beaut\u00e9 Sp\u00e9cialiste du Regard et Facialiste. 24 Quai d&rsquo;Alger, 34200 \u2014 S\u00c8TE R\u00e9servation R\u00c9SERVATION contact@clichestudio.fr T (+33) 6 83 28 99 02 Instagram<\/p>\n","protected":false},"author":1,"featured_media":227,"parent":0,"menu_order":0,"comment_status":"closed","ping_status":"closed","template":"","meta":{"_seopress_robots_primary_cat":"","_seopress_titles_title":"Clich\u00e9 Studio | Salon de beaut\u00e9 \u00e0 S\u00e8te","_seopress_titles_desc":"Studio de beaut\u00e9 sp\u00e9cialis\u00e9 \u00e0 S\u00e8te dans le regard, l'\u00e9pilation au fil, le bien-\u00eatre et les soins visage (type facialiste) avec la marque Gemology.","_seopress_robots_index":"","footnotes":""},"class_list":["post-9","page","type-page","status-publish","has-post-thumbnail","hentry"],"_links":{"self":[{"href":"https:\/\/clichestudio.fr\/index.php\/wp-json\/wp\/v2\/pages\/9","targetHints":{"allow":["GET"]}}],"collection":[{"href":"https:\/\/clichestudio.fr\/index.php\/wp-json\/wp\/v2\/pages"}],"about":[{"href":"https:\/\/clichestudio.fr\/index.php\/wp-json\/wp\/v2\/types\/page"}],"author":[{"embeddable":true,"href":"https:\/\/clichestudio.fr\/index.php\/wp-json\/wp\/v2\/users\/1"}],"replies":[{"embeddable":true,"href":"https:\/\/clichestudio.fr\/index.php\/wp-json\/wp\/v2\/comments?post=9"}],"version-history":[{"count":209,"href":"https:\/\/clichestudio.fr\/index.php\/wp-json\/wp\/v2\/pages\/9\/revisions"}],"predecessor-version":[{"id":300,"href":"https:\/\/clichestudio.fr\/index.php\/wp-json\/wp\/v2\/pages\/9\/revisions\/300"}],"wp:featuredmedia":[{"embeddable":true,"href":"https:\/\/clichestudio.fr\/index.php\/wp-json\/wp\/v2\/media\/227"}],"wp:attachment":[{"href":"https:\/\/clichestudio.fr\/index.php\/wp-json\/wp\/v2\/media?parent=9"}],"curies":[{"name":"wp","href":"https:\/\/api.w.org\/{rel}","templated":true}]}}